{"id":890,"date":"2025-03-08T10:43:12","date_gmt":"2025-03-08T13:43:12","guid":{"rendered":"https:\/\/tecnologiadg.com.br\/new\/?post_type=product&#038;p=890"},"modified":"2025-06-30T05:59:19","modified_gmt":"2025-06-30T08:59:19","slug":"totem-carregador","status":"publish","type":"product","link":"https:\/\/tecnologiadg.com.br\/new\/produto\/totem-carregador\/","title":{"rendered":"Totem Carregador speed power"},"content":{"rendered":"<p>O <strong data-start=\"2\" data-end=\"22\">Totem Carregador<\/strong> oferece carregamento r\u00e1pido e seguro para dispositivos m\u00f3veis, com slots individuais e chave para maior seguran\u00e7a. Dispon\u00edvel para <strong data-start=\"154\" data-end=\"173\">loca\u00e7\u00e3o e venda<\/strong>, \u00e9 ideal para ambientes comerciais e p\u00fablicos, como shoppings, hot\u00e9is e eventos.<\/p>\n<p>&nbsp;<\/p>\n","protected":false},"excerpt":{"rendered":"<p>O Totem Carregador oferece carregamento r\u00e1pido e seguro para dispositivos m\u00f3veis, com slots individuais e chave para maior seguran\u00e7a. Dispon\u00edvel para loca\u00e7\u00e3o e venda, \u00e9 ideal para ambientes comerciais e p\u00fablicos, como shoppings, hot\u00e9is e eventos. &nbsp;<\/p>\n","protected":false},"featured_media":889,"template":"","meta":{"om_disable_all_campaigns":false,"_monsterinsights_skip_tracking":false,"_monsterinsights_sitenote_active":false,"_monsterinsights_sitenote_note":"","_monsterinsights_sitenote_category":0,"_uf_show_specific_survey":0,"_uf_disable_surveys":false},"product_brand":[],"product_cat":[20],"product_tag":[32,37,34,36,38,35,41,31,30,39,33,40],"class_list":{"0":"post-890","1":"product","2":"type-product","3":"status-publish","4":"has-post-thumbnail","6":"product_cat-totens","7":"product_tag-interacao-touch","8":"product_tag-interatividade-para-feiras","9":"product_tag-multimidia","10":"product_tag-tela-sensivel-ao-toque","11":"product_tag-totem-com-realidade-aumentada","12":"product_tag-totem-de-autoatendimento","13":"product_tag-totem-de-fotos-photo-booth","14":"product_tag-totem-digital","15":"product_tag-totem-interativo","16":"product_tag-totem-para-captura-de-leads","17":"product_tag-totem-para-eventos","18":"product_tag-totem-personalizado","20":"first","21":"instock","22":"taxable","23":"shipping-taxable","24":"purchasable","25":"product-type-simple"},"aioseo_notices":[],"jetpack_sharing_enabled":true,"_links":{"self":[{"href":"https:\/\/tecnologiadg.com.br\/new\/wp-json\/wp\/v2\/product\/890","targetHints":{"allow":["GET"]}}],"collection":[{"href":"https:\/\/tecnologiadg.com.br\/new\/wp-json\/wp\/v2\/product"}],"about":[{"href":"https:\/\/tecnologiadg.com.br\/new\/wp-json\/wp\/v2\/types\/product"}],"wp:featuredmedia":[{"embeddable":true,"href":"https:\/\/tecnologiadg.com.br\/new\/wp-json\/wp\/v2\/media\/889"}],"wp:attachment":[{"href":"https:\/\/tecnologiadg.com.br\/new\/wp-json\/wp\/v2\/media?parent=890"}],"wp:term":[{"taxonomy":"product_brand","embeddable":true,"href":"https:\/\/tecnologiadg.com.br\/new\/wp-json\/wp\/v2\/product_brand?post=890"},{"taxonomy":"product_cat","embeddable":true,"href":"https:\/\/tecnologiadg.com.br\/new\/wp-json\/wp\/v2\/product_cat?post=890"},{"taxonomy":"product_tag","embeddable":true,"href":"https:\/\/tecnologiadg.com.br\/new\/wp-json\/wp\/v2\/product_tag?post=890"}],"curies":[{"name":"wp","href":"https:\/\/api.w.org\/{rel}","templated":true}]}}