{"id":690,"date":"2024-06-20T01:29:59","date_gmt":"2024-06-20T04:29:59","guid":{"rendered":"https:\/\/tecnologiadg.com.br\/new\/?post_type=product&#038;p=690"},"modified":"2025-06-30T06:24:02","modified_gmt":"2025-06-30T09:24:02","slug":"painel-de-led-rental-outdoor","status":"publish","type":"product","link":"https:\/\/tecnologiadg.com.br\/new\/produto\/painel-de-led-rental-outdoor\/","title":{"rendered":"Painel de Led Rental Outdoor"},"content":{"rendered":"<p>Transforme qualquer espa\u00e7o externo em um centro de aten\u00e7\u00e3o com o nosso Painel de LED Outdoor. Projetado para oferecer visibilidade incompar\u00e1vel e resist\u00eancia \u00e0s condi\u00e7\u00f5es clim\u00e1ticas, este painel \u00e9 a solu\u00e7\u00e3o perfeita para feiras, eventos esportivos, shows, festivais e campanhas publicit\u00e1rias ao ar livre. Com uma resolu\u00e7\u00e3o impressionante e brilho intenso, ele garante que sua mensagem seja vista com clareza e impacto, mesmo sob a luz direta do sol.<\/p>\n<p>Nosso Painel de LED Outdoor combina tecnologia avan\u00e7ada com durabilidade excepcional, proporcionando imagens vibrantes e detalhadas que capturam a aten\u00e7\u00e3o do seu p\u00fablico de longe. Sua estrutura robusta \u00e9 resistente a intemp\u00e9ries, garantindo desempenho confi\u00e1vel em qualquer ambiente. F\u00e1cil de instalar e configurar, ele oferece flexibilidade total para criar displays de qualquer tamanho, adaptando-se perfeitamente \u00e0s suas necessidades.<\/p>\n<p>Seja para transmitir informa\u00e7\u00f5es importantes, exibir an\u00fancios ou entreter uma multid\u00e3o, o Painel de LED Outdoor eleva a experi\u00eancia visual a um novo patamar. Atraia e envolva seu p\u00fablico com apresenta\u00e7\u00f5es din\u00e2micas e cativantes, tornando cada evento memor\u00e1vel e inesquec\u00edvel.<\/p>\n<p>Escolha a excel\u00eancia e a inova\u00e7\u00e3o com o Painel de LED Outdoor e fa\u00e7a da sua comunica\u00e7\u00e3o visual uma poderosa ferramenta de impacto. Domine o espa\u00e7o e destaque-se como nunca antes!<\/p>\n<p>&nbsp;<\/p>\n<p>&nbsp;<\/p>\n","protected":false},"excerpt":{"rendered":"<p>Transforme qualquer espa\u00e7o externo em um centro de aten\u00e7\u00e3o com o nosso Painel de LED Outdoor. Projetado para oferecer visibilidade incompar\u00e1vel e resist\u00eancia \u00e0s condi\u00e7\u00f5es clim\u00e1ticas, este painel \u00e9 a solu\u00e7\u00e3o perfeita para feiras, eventos esportivos, shows, festivais e campanhas publicit\u00e1rias ao ar livre. Com uma resolu\u00e7\u00e3o impressionante e brilho intenso, ele garante que sua [&hellip;]<\/p>\n","protected":false},"featured_media":702,"template":"","meta":{"om_disable_all_campaigns":false,"_monsterinsights_skip_tracking":false,"_monsterinsights_sitenote_active":false,"_monsterinsights_sitenote_note":"","_monsterinsights_sitenote_category":0,"_uf_show_specific_survey":0,"_uf_disable_surveys":false},"product_brand":[],"product_cat":[19],"product_tag":[77,362,368,363,369,370,371,69,381,364,372,373,365,366,374,367,76,375,376,377,378,379,380,382],"class_list":{"0":"post-690","1":"product","2":"type-product","3":"status-publish","4":"has-post-thumbnail","6":"product_cat-paineis-led","7":"product_tag-4g","8":"product_tag-aluguel-quiosk-touch","9":"product_tag-aluguel-toten-multimidia","10":"product_tag-aluguel-tv-75-rj","11":"product_tag-aluguel-tv-84-polegadas","12":"product_tag-aluguel-tv-84","13":"product_tag-aluguel-tv-84-rj","14":"product_tag-de","15":"product_tag-locacao-de-celularesaluguel","16":"product_tag-locacao-kiosk-multimidia","17":"product_tag-locacao-totem-multimidia","18":"product_tag-locacao-toten-rj-42","19":"product_tag-locacao-tv-4k","20":"product_tag-locacao-tv-75-smart","21":"product_tag-locacao-tv-84-polegada","22":"product_tag-locacao-tv-smart-75-rj","23":"product_tag-modem","24":"product_tag-totem-42-interativo-locacao","25":"product_tag-totem-eventos","26":"product_tag-totem-interativo-42-locacao","27":"product_tag-tv-84-locacao","28":"product_tag-tv-84-pol-aluguel","29":"product_tag-tv-ultra-hd-aluguel45-graus-ou-personalizadoalugando-tablet-aluguel-e-locacao-de-tabletsalugar-tablet-locacao-de-tablets-com-4galugue-agora","30":"product_tag-vivo-e-claro","32":"first","33":"instock","34":"taxable","35":"shipping-taxable","36":"purchasable","37":"product-type-simple"},"aioseo_notices":[],"jetpack_sharing_enabled":true,"_links":{"self":[{"href":"https:\/\/tecnologiadg.com.br\/new\/wp-json\/wp\/v2\/product\/690","targetHints":{"allow":["GET"]}}],"collection":[{"href":"https:\/\/tecnologiadg.com.br\/new\/wp-json\/wp\/v2\/product"}],"about":[{"href":"https:\/\/tecnologiadg.com.br\/new\/wp-json\/wp\/v2\/types\/product"}],"wp:featuredmedia":[{"embeddable":true,"href":"https:\/\/tecnologiadg.com.br\/new\/wp-json\/wp\/v2\/media\/702"}],"wp:attachment":[{"href":"https:\/\/tecnologiadg.com.br\/new\/wp-json\/wp\/v2\/media?parent=690"}],"wp:term":[{"taxonomy":"product_brand","embeddable":true,"href":"https:\/\/tecnologiadg.com.br\/new\/wp-json\/wp\/v2\/product_brand?post=690"},{"taxonomy":"product_cat","embeddable":true,"href":"https:\/\/tecnologiadg.com.br\/new\/wp-json\/wp\/v2\/product_cat?post=690"},{"taxonomy":"product_tag","embeddable":true,"href":"https:\/\/tecnologiadg.com.br\/new\/wp-json\/wp\/v2\/product_tag?post=690"}],"curies":[{"name":"wp","href":"https:\/\/api.w.org\/{rel}","templated":true}]}}