{"id":607,"date":"2024-06-19T22:30:06","date_gmt":"2024-06-20T01:30:06","guid":{"rendered":"https:\/\/tecnologiadg.com.br\/new\/?post_type=product&#038;p=607"},"modified":"2025-01-12T13:38:07","modified_gmt":"2025-01-12T16:38:07","slug":"holograma-3d","status":"publish","type":"product","link":"https:\/\/tecnologiadg.com.br\/new\/produto\/holograma-3d\/","title":{"rendered":"Ventilador Hologr\u00e1fico 3D"},"content":{"rendered":"<p>Transforme a maneira como voc\u00ea impressiona e engaja seu p\u00fablico com o nosso Ventilador Hologr\u00e1fico 3D. Ideal para feiras, exposi\u00e7\u00f5es, lan\u00e7amentos de produtos e eventos corporativos, este dispositivo cria hologramas tridimensionais flutuantes que capturam a aten\u00e7\u00e3o de todos. Com imagens de alta defini\u00e7\u00e3o e efeitos visuais deslumbrantes, ele proporciona uma experi\u00eancia visual \u00fanica e memor\u00e1vel. Compacto e f\u00e1cil de instalar, o Ventilador Hologr\u00e1fico 3D \u00e9 perfeito para destacar mensagens, logotipos e produtos de forma inovadora e impactante. Leve a inova\u00e7\u00e3o ao seu evento com a tecnologia de ponta do Ventilador Hologr\u00e1fico 3D.<\/p>\n<div style=\"width: 480px;\" class=\"wp-video\"><video class=\"wp-video-shortcode\" id=\"video-607-1\" width=\"480\" height=\"848\" loop preload=\"metadata\" controls=\"controls\"><source type=\"video\/mp4\" src=\"https:\/\/tecnologiadg.com.br\/new\/wp-content\/uploads\/2024\/06\/Animex-\u2013-Animex_3.mp4?_=1\" \/><a href=\"https:\/\/tecnologiadg.com.br\/new\/wp-content\/uploads\/2024\/06\/Animex-\u2013-Animex_3.mp4\">https:\/\/tecnologiadg.com.br\/new\/wp-content\/uploads\/2024\/06\/Animex-\u2013-Animex_3.mp4<\/a><\/video><\/div>\n<div style=\"width: 640px;\" class=\"wp-video\"><video class=\"wp-video-shortcode\" id=\"video-607-2\" width=\"640\" height=\"360\" preload=\"metadata\" controls=\"controls\"><source type=\"video\/mp4\" src=\"https:\/\/tecnologiadg.com.br\/new\/wp-content\/uploads\/2024\/06\/Video-de-Apresentacao-Animex-Holografias_2.mp4?_=2\" \/><a href=\"https:\/\/tecnologiadg.com.br\/new\/wp-content\/uploads\/2024\/06\/Video-de-Apresentacao-Animex-Holografias_2.mp4\">https:\/\/tecnologiadg.com.br\/new\/wp-content\/uploads\/2024\/06\/Video-de-Apresentacao-Animex-Holografias_2.mp4<\/a><\/video><\/div>\n","protected":false},"excerpt":{"rendered":"<p>Transforme a maneira como voc\u00ea impressiona e engaja seu p\u00fablico com o nosso Ventilador Hologr\u00e1fico 3D. Ideal para feiras, exposi\u00e7\u00f5es, lan\u00e7amentos de produtos e eventos corporativos, este dispositivo cria hologramas tridimensionais flutuantes que capturam a aten\u00e7\u00e3o de todos. Com imagens de alta defini\u00e7\u00e3o e efeitos visuais deslumbrantes, ele proporciona uma experi\u00eancia visual \u00fanica e memor\u00e1vel. [&hellip;]<\/p>\n","protected":false},"featured_media":613,"template":"","meta":{"om_disable_all_campaigns":false,"_monsterinsights_skip_tracking":false,"_monsterinsights_sitenote_active":false,"_monsterinsights_sitenote_note":"","_monsterinsights_sitenote_category":0,"_uf_show_specific_survey":0,"_uf_disable_surveys":false},"product_brand":[],"product_cat":[23],"product_tag":[],"class_list":{"0":"post-607","1":"product","2":"type-product","3":"status-publish","4":"has-post-thumbnail","6":"product_cat-holograma-3d","8":"first","9":"instock","10":"taxable","11":"shipping-taxable","12":"purchasable","13":"product-type-simple"},"aioseo_notices":[],"jetpack_sharing_enabled":true,"_links":{"self":[{"href":"https:\/\/tecnologiadg.com.br\/new\/wp-json\/wp\/v2\/product\/607","targetHints":{"allow":["GET"]}}],"collection":[{"href":"https:\/\/tecnologiadg.com.br\/new\/wp-json\/wp\/v2\/product"}],"about":[{"href":"https:\/\/tecnologiadg.com.br\/new\/wp-json\/wp\/v2\/types\/product"}],"wp:featuredmedia":[{"embeddable":true,"href":"https:\/\/tecnologiadg.com.br\/new\/wp-json\/wp\/v2\/media\/613"}],"wp:attachment":[{"href":"https:\/\/tecnologiadg.com.br\/new\/wp-json\/wp\/v2\/media?parent=607"}],"wp:term":[{"taxonomy":"product_brand","embeddable":true,"href":"https:\/\/tecnologiadg.com.br\/new\/wp-json\/wp\/v2\/product_brand?post=607"},{"taxonomy":"product_cat","embeddable":true,"href":"https:\/\/tecnologiadg.com.br\/new\/wp-json\/wp\/v2\/product_cat?post=607"},{"taxonomy":"product_tag","embeddable":true,"href":"https:\/\/tecnologiadg.com.br\/new\/wp-json\/wp\/v2\/product_tag?post=607"}],"curies":[{"name":"wp","href":"https:\/\/api.w.org\/{rel}","templated":true}]}}