{"id":440,"date":"2024-06-18T00:08:08","date_gmt":"2024-06-18T03:08:08","guid":{"rendered":"https:\/\/tecnologiadg.com.br\/new\/?post_type=product&#038;p=440"},"modified":"2026-04-15T01:57:35","modified_gmt":"2026-04-15T04:57:35","slug":"totem-interativo-43","status":"publish","type":"product","link":"https:\/\/tecnologiadg.com.br\/new\/produto\/totem-interativo-43\/","title":{"rendered":"Totem interativo 43&#8243; (vertical)"},"content":{"rendered":"<p>Descubra o poder da interatividade com o nosso Totem Interativo de 43&#8243;. Perfeito para feiras, exposi\u00e7\u00f5es, eventos corporativos e pontos de venda, este totem oferece uma tela touch de alta resolu\u00e7\u00e3o, proporcionando uma experi\u00eancia envolvente e intuitiva para os usu\u00e1rios. Com design elegante e moderno, ele n\u00e3o s\u00f3 atrai a aten\u00e7\u00e3o, mas tamb\u00e9m facilita a navega\u00e7\u00e3o e a intera\u00e7\u00e3o com conte\u00fados multim\u00eddia, informa\u00e7\u00f5es e aplicativos personalizados. Seja para apresenta\u00e7\u00f5es, coleta de dados ou entretenimento, o Totem Interativo de 43&#8243; \u00e9 a solu\u00e7\u00e3o ideal para elevar o n\u00edvel do seu evento ou espa\u00e7o comercial.<\/p>\n<p>&nbsp;<\/p>\n<p><img fetchpriority=\"high\" decoding=\"async\" class=\"alignnone size-medium wp-image-170\" src=\"https:\/\/tecnologiadg.com.br\/new\/wp-content\/uploads\/2024\/06\/totem-300x288.png\" alt=\"\" width=\"300\" height=\"288\" srcset=\"https:\/\/tecnologiadg.com.br\/new\/wp-content\/uploads\/2024\/06\/totem-300x288.png 300w, https:\/\/tecnologiadg.com.br\/new\/wp-content\/uploads\/2024\/06\/totem-600x575.png 600w, https:\/\/tecnologiadg.com.br\/new\/wp-content\/uploads\/2024\/06\/totem-1024x982.png 1024w, https:\/\/tecnologiadg.com.br\/new\/wp-content\/uploads\/2024\/06\/totem-768x737.png 768w, https:\/\/tecnologiadg.com.br\/new\/wp-content\/uploads\/2024\/06\/totem-1536x1473.png 1536w, https:\/\/tecnologiadg.com.br\/new\/wp-content\/uploads\/2024\/06\/totem-2048x1964.png 2048w\" sizes=\"(max-width: 300px) 100vw, 300px\" \/><\/p>\n","protected":false},"excerpt":{"rendered":"<p>Descubra o poder da interatividade com o nosso Totem Interativo de 43&#8243;. Perfeito para feiras, exposi\u00e7\u00f5es, eventos corporativos e pontos de venda, este totem oferece uma tela touch de alta resolu\u00e7\u00e3o, proporcionando uma experi\u00eancia envolvente e intuitiva para os usu\u00e1rios. Com design elegante e moderno, ele n\u00e3o s\u00f3 atrai a aten\u00e7\u00e3o, mas tamb\u00e9m facilita a [&hellip;]<\/p>\n","protected":false},"featured_media":170,"template":"","meta":{"om_disable_all_campaigns":false,"_monsterinsights_skip_tracking":false,"_monsterinsights_sitenote_active":false,"_monsterinsights_sitenote_note":"","_monsterinsights_sitenote_category":0,"_uf_show_specific_survey":0,"_uf_disable_surveys":false},"product_brand":[],"product_cat":[20],"product_tag":[32,37,34,36,38,35,41,31,30,39,33,40],"class_list":{"0":"post-440","1":"product","2":"type-product","3":"status-publish","4":"has-post-thumbnail","6":"product_cat-totens","7":"product_tag-interacao-touch","8":"product_tag-interatividade-para-feiras","9":"product_tag-multimidia","10":"product_tag-tela-sensivel-ao-toque","11":"product_tag-totem-com-realidade-aumentada","12":"product_tag-totem-de-autoatendimento","13":"product_tag-totem-de-fotos-photo-booth","14":"product_tag-totem-digital","15":"product_tag-totem-interativo","16":"product_tag-totem-para-captura-de-leads","17":"product_tag-totem-para-eventos","18":"product_tag-totem-personalizado","20":"first","21":"instock","22":"sale","23":"featured","24":"taxable","25":"shipping-taxable","26":"purchasable","27":"product-type-simple"},"aioseo_notices":[],"jetpack_sharing_enabled":true,"_links":{"self":[{"href":"https:\/\/tecnologiadg.com.br\/new\/wp-json\/wp\/v2\/product\/440","targetHints":{"allow":["GET"]}}],"collection":[{"href":"https:\/\/tecnologiadg.com.br\/new\/wp-json\/wp\/v2\/product"}],"about":[{"href":"https:\/\/tecnologiadg.com.br\/new\/wp-json\/wp\/v2\/types\/product"}],"wp:featuredmedia":[{"embeddable":true,"href":"https:\/\/tecnologiadg.com.br\/new\/wp-json\/wp\/v2\/media\/170"}],"wp:attachment":[{"href":"https:\/\/tecnologiadg.com.br\/new\/wp-json\/wp\/v2\/media?parent=440"}],"wp:term":[{"taxonomy":"product_brand","embeddable":true,"href":"https:\/\/tecnologiadg.com.br\/new\/wp-json\/wp\/v2\/product_brand?post=440"},{"taxonomy":"product_cat","embeddable":true,"href":"https:\/\/tecnologiadg.com.br\/new\/wp-json\/wp\/v2\/product_cat?post=440"},{"taxonomy":"product_tag","embeddable":true,"href":"https:\/\/tecnologiadg.com.br\/new\/wp-json\/wp\/v2\/product_tag?post=440"}],"curies":[{"name":"wp","href":"https:\/\/api.w.org\/{rel}","templated":true}]}}